{"id":2,"date":"2025-03-07T15:59:32","date_gmt":"2025-03-07T14:59:32","guid":{"rendered":"https:\/\/barcelona4u.net\/es\/?page_id=2"},"modified":"2025-03-09T11:26:25","modified_gmt":"2025-03-09T11:26:25","slug":"beispiel-seite","status":"publish","type":"page","link":"https:\/\/barcelona4u.net\/es\/","title":{"rendered":"Sobre nosotros"},"content":{"rendered":"\n<p>Somos una peque\u00f1a agencia local que se especializa en recorridos por la ciudad de Barcelona.&nbsp;<\/p>\n\n\n\n<p>Con pasi\u00f3n por la ciudad y su rico patrimonio cultural, queremos ofrecer a nuestros hu\u00e9spedes una experiencia inolvidable.&nbsp;<\/p>\n\n\n\n<p>Nuestros tours te llevan a los rincones m\u00e1s bellos de Barcelona, \u200b\u200bdesde los lugares m\u00e1s famosos hasta las joyas escondidas fuera de lo com\u00fan.<\/p>\n\n\n\n<p>Ya sea que est\u00e9 en la ciudad por primera vez o no, nuestros gu\u00edas experimentados dise\u00f1an cada recorrido de forma individual y personal. Damos gran importancia a presentarle la historia, la cultura y el estilo de vida especial de Barcelona.&nbsp;<\/p>\n\n\n\n<p>Sum\u00e9rgete con nosotros en el coraz\u00f3n de esta ciudad \u00fanica y experimenta Barcelona desde una perspectiva local aut\u00e9ntica.<\/p>\n\n\n\n<p>\u00a1Esperamos sus consultas!<\/p>\n\n\n\n<figure class=\"wp-block-image size-large\"><img decoding=\"async\" src=\"https:\/\/barcelona4u.net\/de\/wp-content\/uploads\/sites\/3\/2020\/02\/Daniela-1024x682.jpg\" alt=\"\" class=\"wp-image-324\"\/><\/figure>\n\n\n\n<div style=\"height:50px\" aria-hidden=\"true\" class=\"wp-block-spacer\"><\/div>\n\n\n\n<h2 class=\"wp-block-heading\">\u00daltimos comentarios<\/h2>\n\n\n<div class=\"glsr glsr-default\" id=\"glsr_5db64a84\" data-from=\"block\" data-shortcode=\"site_reviews\" data-display=\"3\" data-rating=\"4\"><div class=\"glsr-reviews-wrap\">\n    <div class=\"glsr-reviews\">\n        <p class=\"glsr-no-margins\">No hay rese\u00f1as todav\u00eda. S\u00e9 el primero en escribir una.<\/p>\n    <\/div>\n    \n<\/div><\/div>","protected":false},"excerpt":{"rendered":"<p>Somos una peque\u00f1a agencia local que se especializa en recorridos por la ciudad de Barcelona.&nbsp; Con pasi\u00f3n por la ciudad y su rico patrimonio cultural, queremos ofrecer a nuestros hu\u00e9spedes una experiencia inolvidable.&nbsp; Nuestros tours te llevan a los rincones m\u00e1s bellos de Barcelona, \u200b\u200bdesde los lugares m\u00e1s famosos hasta las joyas escondidas fuera de lo com\u00fan. Ya sea que est\u00e9 en la ciudad por primera vez o no, nuestros gu\u00edas experimentados dise\u00f1an cada recorrido de forma individual y personal. Damos gran importancia a presentarle la historia, la cultura y el estilo de vida especial de Barcelona.&nbsp; Sum\u00e9rgete con nosotros en el coraz\u00f3n de esta ciudad \u00fanica y experimenta Barcelona desde una perspectiva local aut\u00e9ntica. \u00a1Esperamos sus consultas! \u00daltimos comentarios<\/p>\n","protected":false},"author":2,"featured_media":0,"parent":0,"menu_order":0,"comment_status":"closed","ping_status":"open","template":"","meta":{"_glsr_average":0,"_glsr_ranking":0,"_glsr_reviews":0,"footnotes":""},"class_list":["post-2","page","type-page","status-publish","hentry"],"jetpack_sharing_enabled":true,"_links":{"self":[{"href":"https:\/\/barcelona4u.net\/es\/wp-json\/wp\/v2\/pages\/2","targetHints":{"allow":["GET"]}}],"collection":[{"href":"https:\/\/barcelona4u.net\/es\/wp-json\/wp\/v2\/pages"}],"about":[{"href":"https:\/\/barcelona4u.net\/es\/wp-json\/wp\/v2\/types\/page"}],"author":[{"embeddable":true,"href":"https:\/\/barcelona4u.net\/es\/wp-json\/wp\/v2\/users\/2"}],"replies":[{"embeddable":true,"href":"https:\/\/barcelona4u.net\/es\/wp-json\/wp\/v2\/comments?post=2"}],"version-history":[{"count":3,"href":"https:\/\/barcelona4u.net\/es\/wp-json\/wp\/v2\/pages\/2\/revisions"}],"predecessor-version":[{"id":79,"href":"https:\/\/barcelona4u.net\/es\/wp-json\/wp\/v2\/pages\/2\/revisions\/79"}],"wp:attachment":[{"href":"https:\/\/barcelona4u.net\/es\/wp-json\/wp\/v2\/media?parent=2"}],"curies":[{"name":"wp","href":"https:\/\/api.w.org\/{rel}","templated":true}]}}