{"id":8,"date":"2020-02-03T13:51:55","date_gmt":"2020-02-03T13:51:55","guid":{"rendered":"http:\/\/yweb.es\/BARCELONA4U\/?page_id=2"},"modified":"2025-03-09T11:20:41","modified_gmt":"2025-03-09T11:20:41","slug":"home","status":"publish","type":"page","link":"https:\/\/barcelona4u.net\/de\/","title":{"rendered":"\u00dcber uns"},"content":{"rendered":"\n<p>Wir sind eine kleine, lokale Agentur, die sich auf deutschsprachige Stadtf\u00fchrungen in Barcelona spezialisiert hat.<br><br>Mit Leidenschaft f\u00fcr die Stadt und ihrem reichen kulturellen Erbe m\u00f6chten wir unseren G\u00e4sten ein unvergessliches Erlebnis bieten.<br>Unsere Touren f\u00fchren Sie zu den sch\u00f6nsten Ecken Barcelonas \u2013 von den ber\u00fchmten Sehensw\u00fcrdigkeiten bis hin zu den versteckten Sch\u00e4tzen abseits der \u00fcblichen Pfade<br><br>Ob Sie zum ersten Mal in der Stadt sind oder nicht, unsere erfahrenen Guides gestalten jede F\u00fchrung individuell und pers\u00f6nlich. Dabei legen wir gro\u00dfen Wert darauf, Ihnen die Geschichte, die Kultur und das besondere Lebensgef\u00fchl Barcelonas n\u00e4herzubringen \u2013 und das alles auf Deutsch.&nbsp;<\/p>\n\n\n\n<p>Tauchen Sie mit uns ein in das Herz dieser einzigartigen Stadt und erleben Sie Barcelona aus einer authentischen, lokalen Perspektive.<\/p>\n\n\n\n<p>Wir freuen uns auf Ihre Anfragen!<\/p>\n\n\n\n<figure class=\"wp-block-image size-large\"><img data-recalc-dims=\"1\" loading=\"lazy\" decoding=\"async\" width=\"960\" height=\"639\" data-attachment-id=\"324\" data-permalink=\"https:\/\/barcelona4u.net\/de\/daniela\/\" data-orig-file=\"https:\/\/i0.wp.com\/barcelona4u.net\/de\/wp-content\/uploads\/sites\/3\/2020\/02\/Daniela.jpg?fit=1265%2C843&amp;ssl=1\" data-orig-size=\"1265,843\" data-comments-opened=\"1\" data-image-meta=\"{&quot;aperture&quot;:&quot;0&quot;,&quot;credit&quot;:&quot;&quot;,&quot;camera&quot;:&quot;&quot;,&quot;caption&quot;:&quot;&quot;,&quot;created_timestamp&quot;:&quot;0&quot;,&quot;copyright&quot;:&quot;&quot;,&quot;focal_length&quot;:&quot;0&quot;,&quot;iso&quot;:&quot;0&quot;,&quot;shutter_speed&quot;:&quot;0&quot;,&quot;title&quot;:&quot;&quot;,&quot;orientation&quot;:&quot;0&quot;}\" data-image-title=\"Daniela\" data-image-description=\"\" data-image-caption=\"\" data-medium-file=\"https:\/\/i0.wp.com\/barcelona4u.net\/de\/wp-content\/uploads\/sites\/3\/2020\/02\/Daniela.jpg?fit=300%2C200&amp;ssl=1\" data-large-file=\"https:\/\/i0.wp.com\/barcelona4u.net\/de\/wp-content\/uploads\/sites\/3\/2020\/02\/Daniela.jpg?fit=960%2C639&amp;ssl=1\" src=\"https:\/\/i0.wp.com\/barcelona4u.net\/de\/wp-content\/uploads\/sites\/3\/2020\/02\/Daniela.jpg?resize=960%2C639&#038;ssl=1\" alt=\"\" class=\"wp-image-324\" srcset=\"https:\/\/i0.wp.com\/barcelona4u.net\/de\/wp-content\/uploads\/sites\/3\/2020\/02\/Daniela.jpg?resize=1024%2C682&amp;ssl=1 1024w, https:\/\/i0.wp.com\/barcelona4u.net\/de\/wp-content\/uploads\/sites\/3\/2020\/02\/Daniela.jpg?resize=300%2C200&amp;ssl=1 300w, https:\/\/i0.wp.com\/barcelona4u.net\/de\/wp-content\/uploads\/sites\/3\/2020\/02\/Daniela.jpg?resize=768%2C512&amp;ssl=1 768w, https:\/\/i0.wp.com\/barcelona4u.net\/de\/wp-content\/uploads\/sites\/3\/2020\/02\/Daniela.jpg?resize=1140%2C760&amp;ssl=1 1140w, https:\/\/i0.wp.com\/barcelona4u.net\/de\/wp-content\/uploads\/sites\/3\/2020\/02\/Daniela.jpg?w=1265&amp;ssl=1 1265w\" sizes=\"auto, (max-width: 960px) 100vw, 960px\" \/><\/figure>\n\n\n\n<div style=\"height:50px\" aria-hidden=\"true\" class=\"wp-block-spacer\"><\/div>\n\n\n\n<h2 class=\"wp-block-heading\">Letzte Bewertungen<\/h2>\n\n\n<div class=\"glsr glsr-default\" id=\"glsr_5db64a84\" data-from=\"block\" data-shortcode=\"site_reviews\" data-display=\"3\" data-rating=\"4\"><div class=\"glsr-reviews-wrap\">\n    <div class=\"glsr-reviews\">\n        <div class=\"glsr-review\" data-type=\"local\" id=\"review-547\" data-assigned='{\"assigned_posts\":[135]}'>\n    <div class=\"glsr-review-title\"><h4 class=\"glsr-tag-value\">Privatdozent mit Van<\/h4><\/div>\n    <div class=\"glsr-review-rating\"><div class=\"glsr-star-rating glsr-stars\" role=\"img\" aria-label=\"Rated 5 out of 5 stars\" data-rating=\"5\" data-reviews=\"0\"><span class=\"glsr-star glsr-star-full\" aria-hidden=\"true\"><\/span><span class=\"glsr-star glsr-star-full\" aria-hidden=\"true\"><\/span><span class=\"glsr-star glsr-star-full\" aria-hidden=\"true\"><\/span><span class=\"glsr-star glsr-star-full\" aria-hidden=\"true\"><\/span><span class=\"glsr-star glsr-star-full\" aria-hidden=\"true\"><\/span><\/div><\/div> <div class=\"glsr-review-date\"><span class=\"glsr-tag-value\">11 Februar 2026<\/span><\/div>\n    \n    <div class=\"glsr-review-content\"><div class=\"glsr-tag-value\" data-expanded=\"false\"><p>Wir hatten mit unseren 3 Kindern eine super geplante Tour mit Andreas.<\/p>\n<p>Mit einem Van ging es vom Terminal zum Montjuic. Anschlie\u00dfend Au\u00dfenbesichtigung des Camp nou und sagrada familia. Die Tour endete nach einer interessanten F\u00fchrung durch die Altstadt, wo wir viele Details von Andreas erfuhren.<\/p>\n<p>Vielen Dank an Andreas f\u00fcr die tolle Tour!!!<\/p><\/div><\/div>\n     <div class=\"glsr-review-author\"><span class=\"glsr-tag-value\">Roland<\/span><\/div> \n    \n<\/div>\n<div class=\"glsr-review\" data-type=\"local\" id=\"review-546\" data-assigned='{\"assigned_posts\":[47]}'>\n    <div class=\"glsr-review-title\"><h4 class=\"glsr-tag-value\">Gotic Viertel und auf Gaudis Spuren<\/h4><\/div>\n    <div class=\"glsr-review-rating\"><div class=\"glsr-star-rating glsr-stars\" role=\"img\" aria-label=\"Rated 5 out of 5 stars\" data-rating=\"5\" data-reviews=\"0\"><span class=\"glsr-star glsr-star-full\" aria-hidden=\"true\"><\/span><span class=\"glsr-star glsr-star-full\" aria-hidden=\"true\"><\/span><span class=\"glsr-star glsr-star-full\" aria-hidden=\"true\"><\/span><span class=\"glsr-star glsr-star-full\" aria-hidden=\"true\"><\/span><span class=\"glsr-star glsr-star-full\" aria-hidden=\"true\"><\/span><\/div><\/div> <div class=\"glsr-review-date\"><span class=\"glsr-tag-value\">5 Januar 2026<\/span><\/div>\n    \n    <div class=\"glsr-review-content\"><div class=\"glsr-tag-value\" data-expanded=\"false\"><p>Wir haben den Jahreswechsel 25\/26 in Barcelona verbracht und zwei Touren \u00fcber Danielas Agentur gebucht.<\/p>\n<p>Zum Einstieg, die Besichtigung des Gotischen Viertels und zum zweiten die Fassadenf\u00fchrung rund um Gaudi, die wir mit einer Innenbesichtigung der Sagrada Familia abgeschlossen haben.(Karten hat uns Daniela besorgt)<\/p>\n<p class=\"glsr-hidden-text\" data-show-less=\"Weniger anzeigen\" data-show-more=\"Mehr anzeigen\" data-trigger=\"expand\">Ohne Sophie, die uns an beiden Tagen gef\u00fchrt hat, w\u00e4<span class=\"glsr-hidden\">ren wir in dem Gewirr der G\u00e4sschen des Gotischen Viertels rettungslos verloren gewesen. Dank Sophie war die F\u00fchrung immer kurzweilig und interessant.<\/span><\/p>\n<p class=\"glsr-hidden\">Sie hat uns viele Dinge gezeigt und erkl\u00e4rt, an denen wir ansonsten achtlos vorbei gelaufen w\u00e4ren.<\/p>\n<p class=\"glsr-hidden\">Auch dir , liebe Daniela, vielen Dank f\u00fcr die vielen Tip und Empfehlungen, die du uns in der Vorbereitung auf unseren Trip gegeben hast.<\/p><\/div><\/div>\n     <div class=\"glsr-review-author\"><span class=\"glsr-tag-value\">Ingrid und Claus<\/span><\/div> \n    \n<\/div>\n<div class=\"glsr-review\" data-type=\"local\" id=\"review-545\" data-assigned='{\"assigned_posts\":[135]}'>\n    <div class=\"glsr-review-title\"><h4 class=\"glsr-tag-value\">Supersch\u00f6ne Tour f\u00fcr Kreuzfahrtg\u00e4ste mit Sophie<\/h4><\/div>\n    <div class=\"glsr-review-rating\"><div class=\"glsr-star-rating glsr-stars\" role=\"img\" aria-label=\"Rated 5 out of 5 stars\" data-rating=\"5\" data-reviews=\"0\"><span class=\"glsr-star glsr-star-full\" aria-hidden=\"true\"><\/span><span class=\"glsr-star glsr-star-full\" aria-hidden=\"true\"><\/span><span class=\"glsr-star glsr-star-full\" aria-hidden=\"true\"><\/span><span class=\"glsr-star glsr-star-full\" aria-hidden=\"true\"><\/span><span class=\"glsr-star glsr-star-full\" aria-hidden=\"true\"><\/span><\/div><\/div> <div class=\"glsr-review-date\"><span class=\"glsr-tag-value\">10 Oktober 2025<\/span><\/div>\n    \n    <div class=\"glsr-review-content\"><div class=\"glsr-tag-value\" data-expanded=\"false\"><p>Wir hatten mit Sophie drei supersch\u00f6ne Stunden durch Barcelona &#8211; Sagrada Fam\u00edlia, gotisches Viertel und tolle Geheimtipps in den kleinen Gassen der Altstadt. Sogar unsere drei Teenie-T\u00f6chter konnte Sophie von der Kultur Barcelonas begeistern. Herzlichen Dank!<\/p><\/div><\/div>\n     <div class=\"glsr-review-author\"><span class=\"glsr-tag-value\">Anja<\/span><\/div> \n    \n<\/div>\n    <\/div>\n    \n<\/div><\/div>","protected":false},"excerpt":{"rendered":"<p>Wir sind eine kleine, lokale Agentur, die sich auf deutschsprachige Stadtf\u00fchrungen in Barcelona spezialisiert hat. Mit Leidenschaft f\u00fcr die Stadt und ihrem reichen kulturellen Erbe m\u00f6chten wir unseren G\u00e4sten ein unvergessliches Erlebnis bieten.Unsere Touren f\u00fchren Sie zu den sch\u00f6nsten Ecken Barcelonas \u2013 von den ber\u00fchmten Sehensw\u00fcrdigkeiten bis hin zu den versteckten Sch\u00e4tzen abseits der \u00fcblichen Pfade Ob Sie zum ersten Mal in der Stadt sind oder nicht, unsere erfahrenen Guides gestalten jede F\u00fchrung individuell und pers\u00f6nlich. Dabei legen wir gro\u00dfen Wert darauf, Ihnen die Geschichte, die Kultur und das besondere Lebensgef\u00fchl Barcelonas n\u00e4herzubringen \u2013 und das alles auf Deutsch.&nbsp; Tauchen Sie mit uns ein in das Herz dieser einzigartigen Stadt und erleben Sie Barcelona aus einer authentischen, lokalen Perspektive. Wir freuen uns auf Ihre Anfragen! Letzte Bewertungen<\/p>\n","protected":false},"author":1,"featured_media":0,"parent":0,"menu_order":0,"comment_status":"closed","ping_status":"open","template":"","meta":{"_glsr_average":0,"_glsr_ranking":0,"_glsr_reviews":0,"footnotes":""},"class_list":["post-8","page","type-page","status-publish","hentry"],"jetpack_sharing_enabled":true,"_links":{"self":[{"href":"https:\/\/barcelona4u.net\/de\/wp-json\/wp\/v2\/pages\/8","targetHints":{"allow":["GET"]}}],"collection":[{"href":"https:\/\/barcelona4u.net\/de\/wp-json\/wp\/v2\/pages"}],"about":[{"href":"https:\/\/barcelona4u.net\/de\/wp-json\/wp\/v2\/types\/page"}],"author":[{"embeddable":true,"href":"https:\/\/barcelona4u.net\/de\/wp-json\/wp\/v2\/users\/1"}],"replies":[{"embeddable":true,"href":"https:\/\/barcelona4u.net\/de\/wp-json\/wp\/v2\/comments?post=8"}],"version-history":[{"count":2,"href":"https:\/\/barcelona4u.net\/de\/wp-json\/wp\/v2\/pages\/8\/revisions"}],"predecessor-version":[{"id":501,"href":"https:\/\/barcelona4u.net\/de\/wp-json\/wp\/v2\/pages\/8\/revisions\/501"}],"wp:attachment":[{"href":"https:\/\/barcelona4u.net\/de\/wp-json\/wp\/v2\/media?parent=8"}],"curies":[{"name":"wp","href":"https:\/\/api.w.org\/{rel}","templated":true}]}}